{"id":102,"date":"2021-05-19T11:22:53","date_gmt":"2021-05-19T11:22:53","guid":{"rendered":"https:\/\/viljamihalovsky.com\/?page_id=102"},"modified":"2026-04-14T10:24:42","modified_gmt":"2026-04-14T10:24:42","slug":"cv","status":"publish","type":"page","link":"https:\/\/viljamihalovsky.com\/index.php\/cv\/","title":{"rendered":"CV"},"content":{"rendered":"\n<div style=\"height:65px\" aria-hidden=\"true\" class=\"wp-block-spacer\"><\/div>\n\n\n\n<div class=\"wp-block-genesis-blocks-gb-accordion gb-align-left gb-block-accordion gb-font-size-21\"><details><summary class=\"gb-accordion-title\">Education<\/summary><div class=\"gb-accordion-text\">\n<p><strong>Akademie der Bildenden K\u00fcnste N\u00fcrnberg, 2022-2024<\/strong><br><em>M.A. Live Art Forms<\/em><\/p>\n\n\n\n<p><strong>Freie Universit\u00e4t Berlin, 2019-2022<\/strong><br><em>M.A. Culture and Media Management<\/em><\/p>\n\n\n\n<p><strong>Hochschul\u00fcbergreifendes Zentrum Tanz Berlin, 2016-2019<\/strong><br><em>B.A. Dance, Context, Choreography<\/em><\/p>\n\n\n\n<p><strong>North Karelia College, Riveria (prev. Outokumpu), 2014-2017<\/strong><br><em>Vocational upper secondary education, dance<\/em><\/p>\n\n\n\n<p><strong>FU Berlin Weiterbildungszentrum, 2025<\/strong><br><em>Basiswissen Bibliothek Zertifikatskurs<\/em><\/p>\n\n\n\n<figure class=\"wp-block-image size-large is-resized\"><img loading=\"lazy\" decoding=\"async\" width=\"1024\" height=\"215\" src=\"https:\/\/viljamihalovsky.com\/wp-content\/uploads\/2021\/08\/000359550022-e1628595137121-1024x215.jpg\" alt=\"\" class=\"wp-image-752\" style=\"width:606px;height:127px\" srcset=\"https:\/\/viljamihalovsky.com\/wp-content\/uploads\/2021\/08\/000359550022-e1628595137121-1024x215.jpg 1024w, https:\/\/viljamihalovsky.com\/wp-content\/uploads\/2021\/08\/000359550022-e1628595137121-1536x322.jpg 1536w, https:\/\/viljamihalovsky.com\/wp-content\/uploads\/2021\/08\/000359550022-e1628595137121-300x63.jpg 300w, https:\/\/viljamihalovsky.com\/wp-content\/uploads\/2021\/08\/000359550022-e1628595137121-768x161.jpg 768w, https:\/\/viljamihalovsky.com\/wp-content\/uploads\/2021\/08\/000359550022-e1628595137121.jpg 1565w\" sizes=\"auto, (max-width: 1024px) 100vw, 1024px\" \/><\/figure>\n\n\n\n<p style=\"font-size:10px\"><em>self portrait, 2019<\/em><\/p>\n<\/div><\/details><\/div>\n\n\n\n<div class=\"wp-block-genesis-blocks-gb-accordion gb-align-left gb-block-accordion gb-font-size-21\"><details><summary class=\"gb-accordion-title\">Works &amp; Collaborations<\/summary><div class=\"gb-accordion-text\">\n<p><strong>Emansipatsioonin oireita &#8211; Ruumiillisia keskusteluja M. Canthin kanssa, <\/strong>2025, chor. Laura Lehtinen, ITAK, Kuopio (FI) \u2013 <em>outside eye, co-choreographer<\/em><\/p>\n\n\n\n<p><strong>Basically<\/strong>, 2025, chor. Nikima Jagudajev, Kiasma, Helsinki (FI) &#8211; <em>dancer<\/em><\/p>\n\n\n\n<p><strong>Nelj\u00e4 laulua naisista<\/strong>, 2024, Sammatti, Lohja, Karkkila, Jyv\u00e4skyl\u00e4 \/ touring (FI) \u2013 <em>duet with Ninni Tuovila, choreographer, dancer<\/em><\/p>\n\n\n\n<p><strong>Pattern no. 54 \/ Pattern no. 53<\/strong>, 2024\/2023, graduation solo \/ student work, AdBK N\u00fcrnberg (DE)<\/p>\n\n\n\n<p><strong>Melting Eyes, <\/strong>2022, chor. Simone Gisela Weber, DAS Graduate School Amsterdam (NL) \u2013 <em>outside eye, performer<\/em><\/p>\n\n\n\n<p><strong>Phasen\u00fcberg\u00e4nge Vol. 3<\/strong>, 2022, choreo Nuria Hoeyng &amp; Anne-Kathrin Tismer, Scharounplatz (DE) \u2013 <em>dancer<\/em><\/p>\n\n\n\n<p><strong>Imposter Lab<\/strong>, 2021, laboratory with Kareth Schaffer, Construction Company (DE) \u2013 <em>dancer, participant<\/em><\/p>\n\n\n\n<p><strong>Crossing the Pale River<\/strong>, 2021, audiowalk by Coila-Leah Enderstein &amp; Nicola van Straaten, Tanzfabrik Berlin (DE) &#8212; <em>production assistant, guide<\/em><\/p>\n\n\n\n<p><strong>Hypothetic Bodies<\/strong>, 2021, choreo Julia Keren Turbahn &amp; Simone Gisela Weber, Tanzfabrik Berlin (DE) &#8212; <em>dramaturgical<\/em> <em>support<\/em><\/p>\n\n\n\n<p><strong>Bee Dances<\/strong>, 2021\/22, choreo Kareth Schaffer &amp; ninus, Tanzfabrik Berlin (DE) \/ Bali Art Festival PKB (ID) &#8212; <em> performer<\/em><\/p>\n\n\n\n<p><strong>The Impossibility of Doing Nothing<\/strong>, 2020, video work with Nora Fuchs<\/p>\n\n\n\n<p><strong>the truth &amp; other stories<\/strong>, 2019, student work\/graduation solo, Uferstudios Berlin (DE) &#8212; <em>choreographer and dancer<\/em><\/p>\n\n\n\n<p><strong>MC175 \u2013 Minna Canthin liike ja liekki<\/strong>, 2019, Dance Theater Kramppi and Jyv\u00e4skyl\u00e4<br>City Theater, Jyv\u00e4skyl\u00e4 (FI) &#8212; <em>co-choreographer with Laura Lehtinen<\/em><\/p>\n\n\n\n<p><strong>High Diving<\/strong>, 2019, student work, choreo Julia Keren Turbahn, Uferstudios, Berlin (DE)<br>&#8212; <em>dancer<\/em><\/p>\n\n\n\n<p><strong>Graduation Piece<\/strong>, 2018, student work, concept Mariana Nobre Vieira, Uferstudios,<br>Berlin (DE) &#8212; <em>performer<\/em><\/p>\n\n\n\n<p><strong>OUT<\/strong>, 2018, choreo Ivo Dimchev, HAU Hebbel am Ufer Berlin (DE) &#8212; <em>dancer<\/em><\/p>\n\n\n\n<p><strong>JADED<\/strong>, 2017, concept Sheena McGrandles, 48 Stunden Neuk\u00f6lln festival Berlin (DE) &#8212; <em>performer<\/em><\/p>\n\n\n\n<p><strong>\u201dMaking Money is Art\u201d -a.w.<\/strong>, 2016, student work\/graduation solo, Theatre Kiisu,<br>Outokumpu (FI) &#8212; <em>choreographer and dancer<\/em><\/p>\n\n\n\n<p><strong>Touchme touchme touchme<\/strong>, 2016 Lohjan Kes\u00e4 Tanssii, Lohja (FI) &#8212; <em>duet with Ninni Tuovila<\/em><\/p>\n\n\n\n<p><strong>Slim Chance<\/strong>, 2016, student work, choreo Tasha Farrel, AMATA, Falmouth (UK) &#8212; <em>dancer<\/em><\/p>\n\n\n\n<p><strong>Jotain rajaa<\/strong>, 2016, student work, choreo Marjo Kuusela, Theatre Kiisu, Outokumpu (FI) &#8212; <em>dancer<\/em><\/p>\n\n\n\n<p><strong>What She said<\/strong>, 2015 Lohjan Kes\u00e4 Tanssii, Lohja (FI) &#8212; <em>solo work, choreographer and dancer<\/em><\/p>\n\n\n\n<p><strong>Ei tarinoita<\/strong>, 2015 Galleria Ratamo, Jyv\u00e4skyl\u00e4 (FI) &#8212; <em>producer, dancer and one of the<\/em> <em>choreographers<\/em><\/p>\n\n\n\n<p><strong>MeMeMe<\/strong>, 2015, student work, choreo Tomi Paasonen, Tapahtuma Kiisu, Outokumpu<br>(FI) &#8212;<em> dancer<\/em><br><br><strong>Kiehu pata kiehu<\/strong>, 2015, student work, Kulttuurikeskus Marita, Outokumpu (FI) &#8212;<br><em>dancer and one of the choreographers<\/em><\/p>\n\n\n\n<p><strong>Annettu tila<\/strong>, 2014, student work, choreo Ulla M\u00e4kinen, Lonely in the Rain? -festival,<br>Joensuu City Theatre (FI) &#8212; <em>dance<\/em>r<\/p>\n\n\n\n<p><strong>Pikkutunneilla<\/strong>, 2014, Tanssiteatteri Kramppi\/Dance theatre Kramppi, Ilokivi, Jyv\u00e4skyl\u00e4 (FI) &#8212; <em>dancer and one of the choreographers<\/em><\/p>\n\n\n\n<p><strong>Yhdess\u00e4 unelmista totta<\/strong>, 2013, Huoneteatteri: Keski-Suomen Osuuspankki 110v.<br>Commissioned work, director Raili Kivel\u00e4, choreo Anne Joutsim\u00e4ki, Jyv\u00e4skyl\u00e4n<br>Paviljonki (FI) &#8212; <em>dancer<\/em><\/p>\n\n\n\n<p><strong>J\u00e4rvi<\/strong>, 2011, Tanssiteatteri Kramppi\/Dance theatre Kramppi, choreo. Jaakko Nieminen,<br>Vuorilampi, Jyv\u00e4skyl\u00e4 (FI) &#8212; <em>dancer<\/em><\/p>\n\n\n\n<div style=\"height:54px\" aria-hidden=\"true\" class=\"wp-block-spacer\"><\/div>\n\n\n\n<figure class=\"wp-block-image size-large is-resized\"><img loading=\"lazy\" decoding=\"async\" width=\"1024\" height=\"292\" src=\"https:\/\/viljamihalovsky.com\/wp-content\/uploads\/2021\/06\/Screenshot-119-e1628595491747-1024x292.png\" alt=\"\" class=\"wp-image-407\" style=\"width:617px;height:175px\"\/><\/figure>\n\n\n\n<p style=\"font-size:10px\"> <em>Still from &#8220;<\/em>Impossibility of Doing Nothing&#8221; <\/p>\n<\/div><\/details><\/div>\n\n\n\n<div class=\"wp-block-genesis-blocks-gb-accordion gb-block-accordion gb-font-size-21\"><details><summary class=\"gb-accordion-title\">Teachings<\/summary><div class=\"gb-accordion-text\">\n<p><strong>Score workshop<\/strong><br><em>North Karelia College Riveria, 2024<\/em><br><\/p>\n\n\n\n<p><strong>Workshop: \u201dFrom Many to One\u201d with Simone Gisela Weber<\/strong><br><em>North Karelia College Riveria, 2019<\/em><\/p>\n\n\n\n<p><strong>Temporary dance teacher, 3\/2013-4\/2015<\/strong><br><em>Vocational Education Institute of Northern Central Finland<\/em><br><br><strong>Dance teacher, 2\/2013-4\/2014<\/strong><br><em>Jyv\u00e4skyl\u00e4n Naisvoimistelijat\/Jyv\u00e4skyl\u00e4 gymnasts<\/em><\/p>\n\n\n\n<div style=\"height:54px\" aria-hidden=\"true\" class=\"wp-block-spacer\"><\/div>\n\n\n\n<figure class=\"wp-block-image size-large is-resized\"><img loading=\"lazy\" decoding=\"async\" width=\"1024\" height=\"266\" src=\"https:\/\/viljamihalovsky.com\/wp-content\/uploads\/2021\/08\/20190708_102439-scaled-e1628596168786-1024x266.jpg\" alt=\"\" class=\"wp-image-780\" style=\"width:654px;height:170px\" srcset=\"https:\/\/viljamihalovsky.com\/wp-content\/uploads\/2021\/08\/20190708_102439-scaled-e1628596168786-1024x266.jpg 1024w, https:\/\/viljamihalovsky.com\/wp-content\/uploads\/2021\/08\/20190708_102439-scaled-e1628596168786-1536x399.jpg 1536w, https:\/\/viljamihalovsky.com\/wp-content\/uploads\/2021\/08\/20190708_102439-scaled-e1628596168786-300x78.jpg 300w, https:\/\/viljamihalovsky.com\/wp-content\/uploads\/2021\/08\/20190708_102439-scaled-e1628596168786-768x199.jpg 768w, https:\/\/viljamihalovsky.com\/wp-content\/uploads\/2021\/08\/20190708_102439-scaled-e1628596168786.jpg 1798w\" sizes=\"auto, (max-width: 1024px) 100vw, 1024px\" \/><\/figure>\n\n\n\n<p style=\"font-size:10px\">writing session, 2019<\/p>\n<\/div><\/details><\/div>\n\n\n\n<div class=\"wp-block-genesis-blocks-gb-accordion gb-block-accordion gb-font-size-21\"><details><summary class=\"gb-accordion-title\">Scholarships, Residencies, Grants<\/summary><div class=\"gb-accordion-text\">\n<p><strong>Arts Promotion Centre Finland, 2025<\/strong><br><em>Grant to tour Pattern no. 54 in Middle Finland, FI<\/em><\/p>\n\n\n\n<p><strong>The Finnish Cultural Foundation, 2025<\/strong><br><em>Grant for Nelj\u00e4 laulua naisista to tour in elderly homes in Lapland, Fi<\/em><\/p>\n\n\n\n<p><strong>Old Mine Residency<\/strong>, <em>11\/2024, Finland <\/em><\/p>\n\n\n\n<p><strong>Kalevalaseura, 2023 <\/strong><br><em>Project grant for Nelj\u00e4 laulua naisista<\/em><\/p>\n\n\n\n<p><strong>Fonds Darstellende K\u00fcnste, 2023<\/strong><br><em>Research grant, 3 months<\/em><\/p>\n\n\n\n<p><strong>Fonds Darstellende K\u00fcnste, 2022<\/strong><br><em>#TakeHeart Residence grant with HAU Berlin, 2 months<\/em><\/p>\n\n\n\n<p><strong>Dachverband Tanz Deutschland e.V., 2022<\/strong><br><em>Dis-Tanz working grant, 6 months<\/em><\/p>\n\n\n\n<p><strong>Arts Promotion Centre Finland, 2021<\/strong><br><em>Corona working grant, 3 months<\/em><\/p>\n\n\n\n<p><strong>Arts Promotion Centre Finland, 2021<\/strong><br><em>Corona working grant, 2 months<\/em><\/p>\n\n\n\n<p><strong>Dachverband Tanz Deutschland e.V., 2021<\/strong><br><em>Dis-Tanz working grant, 3 months<\/em><\/p>\n\n\n\n<p><strong>Arts Promotion Centre Finland, 2020<\/strong><br><em>Corona working grant, 2 months<\/em><\/p>\n\n\n\n<p><strong>The Finnish Cultural Foundation, 2019<\/strong><br><em>Project grant for MC175 \u2013 Minna Canthin liike ja liekki<\/em><\/p>\n\n\n\n<p><strong>Studienstiftung des deutschen Volkes scholarship, 2018<\/strong><\/p>\n\n\n\n<p><\/p>\n\n\n\n<div style=\"height:54px\" aria-hidden=\"true\" class=\"wp-block-spacer\"><\/div>\n\n\n\n<figure class=\"wp-block-image size-large is-resized\"><img loading=\"lazy\" decoding=\"async\" width=\"1024\" height=\"356\" src=\"https:\/\/viljamihalovsky.com\/wp-content\/uploads\/2021\/08\/35950036-scaled-e1628596855655-1024x356.jpg\" alt=\"\" class=\"wp-image-782\" style=\"width:589px;height:205px\" srcset=\"https:\/\/viljamihalovsky.com\/wp-content\/uploads\/2021\/08\/35950036-scaled-e1628596855655-1024x356.jpg 1024w, https:\/\/viljamihalovsky.com\/wp-content\/uploads\/2021\/08\/35950036-scaled-e1628596855655-1536x533.jpg 1536w, https:\/\/viljamihalovsky.com\/wp-content\/uploads\/2021\/08\/35950036-scaled-e1628596855655-2048x711.jpg 2048w, https:\/\/viljamihalovsky.com\/wp-content\/uploads\/2021\/08\/35950036-scaled-e1628596855655-300x104.jpg 300w, https:\/\/viljamihalovsky.com\/wp-content\/uploads\/2021\/08\/35950036-scaled-e1628596855655-768x267.jpg 768w\" sizes=\"auto, (max-width: 1024px) 100vw, 1024px\" \/><\/figure>\n\n\n\n<p style=\"font-size:10px\"><em> hungry for \u20ac, 2018<\/em><\/p>\n<\/div><\/details><\/div>\n\n\n\n<div class=\"wp-block-genesis-blocks-gb-accordion gb-block-accordion gb-font-size-21\"><details><summary class=\"gb-accordion-title\">Additional Information<\/summary><div class=\"gb-accordion-text\">\n<p><\/p>\n\n\n\n<p>A member of a Jyv\u00e4skyl\u00e4, Finland, based dance theater <a href=\"http:\/\/www.kramppi.fi\/\" data-type=\"link\" data-id=\"http:\/\/www.kramppi.fi\/\" target=\"_blank\" rel=\"noreferrer noopener\">Tanssiteatteri Kramppi<\/a> since 2011. A member of the board during the years 2019-20, vice-chairman in 2020, chairman in 2022.<\/p>\n\n\n\n<p><br>Participated in \u201d6th Dance Education Biennal\u201d as a student in Berlin in 2018.<\/p>\n\n\n\n<p><br><\/p>\n\n\n\n<p><strong>Participated in the following workshops<\/strong>:<br><em>Toimiva dialogi<\/em> writing workshop, 2021, teacher Erkka Mykk\u00e4nen<br><em>Kertoja ja n\u00e4k\u00f6kulma<\/em> writing workshop, 2021, teacher Erkka Mykk\u00e4nen<br><em>Ensemble Thinking<\/em>, 2020, Marameo, teacher Andrew Wass<br><em>Music is the Best<\/em> workshop, 2015, ITAK, teacher Elina Pirinen<br><em>I&#8217;ve fucked plenty with the future<\/em> workshop, 2015, ITAK, teacher Jeremy Wade<br><em>Score<\/em> workshop, 2014, Tanssiteatteri Kramppi, teacher Laura Lehtinen<br><em>Ideasta teokseksi <\/em>choreography workshop, 2013, Tanssiteatteri Kramppi, teacher <br>Laura Lehtinen<\/p>\n<\/div><\/details><\/div>\n\n\n\n<div style=\"height:47px\" aria-hidden=\"true\" class=\"wp-block-spacer\"><\/div>\n\n\n\n<figure class=\"wp-block-image aligncenter size-large is-resized\"><img loading=\"lazy\" decoding=\"async\" width=\"1024\" height=\"394\" src=\"https:\/\/viljamihalovsky.com\/wp-content\/uploads\/2021\/07\/42940017-1-e1627569918590-1024x394.jpg\" alt=\"\" class=\"wp-image-715\" style=\"width:603px;height:232px\" srcset=\"https:\/\/viljamihalovsky.com\/wp-content\/uploads\/2021\/07\/42940017-1-e1627569918590-1024x394.jpg 1024w, https:\/\/viljamihalovsky.com\/wp-content\/uploads\/2021\/07\/42940017-1-e1627569918590-1536x591.jpg 1536w, https:\/\/viljamihalovsky.com\/wp-content\/uploads\/2021\/07\/42940017-1-e1627569918590-300x115.jpg 300w, https:\/\/viljamihalovsky.com\/wp-content\/uploads\/2021\/07\/42940017-1-e1627569918590-768x295.jpg 768w, https:\/\/viljamihalovsky.com\/wp-content\/uploads\/2021\/07\/42940017-1-e1627569918590.jpg 1791w\" sizes=\"auto, (max-width: 1024px) 100vw, 1024px\" \/><\/figure>\n","protected":false},"excerpt":{"rendered":"","protected":false},"author":1,"featured_media":0,"parent":0,"menu_order":0,"comment_status":"closed","ping_status":"closed","template":"","meta":{"_uag_custom_page_level_css":"","site-sidebar-layout":"default","site-content-layout":"default","ast-site-content-layout":"default","site-content-style":"default","site-sidebar-style":"default","ast-global-header-display":"","ast-banner-title-visibility":"","ast-main-header-display":"","ast-hfb-above-header-display":"","ast-hfb-below-header-display":"","ast-hfb-mobile-header-display":"","site-post-title":"","ast-breadcrumbs-content":"","ast-featured-img":"","footer-sml-layout":"","ast-disable-related-posts":"","theme-transparent-header-meta":"default","adv-header-id-meta":"","stick-header-meta":"","header-above-stick-meta":"","header-main-stick-meta":"","header-below-stick-meta":"","astra-migrate-meta-layouts":"set","ast-page-background-enabled":"default","ast-page-background-meta":{"desktop":{"background-color":"","background-image":"","background-repeat":"repeat","background-position":"center center","background-size":"auto","background-attachment":"scroll","background-type":"","background-media":"","overlay-type":"","overlay-color":"","overlay-opacity":"","overlay-gradient":""},"tablet":{"background-color":"","background-image":"","background-repeat":"repeat","background-position":"center center","background-size":"auto","background-attachment":"scroll","background-type":"","background-media":"","overlay-type":"","overlay-color":"","overlay-opacity":"","overlay-gradient":""},"mobile":{"background-color":"","background-image":"","background-repeat":"repeat","background-position":"center center","background-size":"auto","background-attachment":"scroll","background-type":"","background-media":"","overlay-type":"","overlay-color":"","overlay-opacity":"","overlay-gradient":""}},"ast-content-background-meta":{"desktop":{"background-color":"var(--ast-global-color-5)","background-image":"","background-repeat":"repeat","background-position":"center center","background-size":"auto","background-attachment":"scroll","background-type":"","background-media":"","overlay-type":"","overlay-color":"","overlay-opacity":"","overlay-gradient":""},"tablet":{"background-color":"var(--ast-global-color-5)","background-image":"","background-repeat":"repeat","background-position":"center center","background-size":"auto","background-attachment":"scroll","background-type":"","background-media":"","overlay-type":"","overlay-color":"","overlay-opacity":"","overlay-gradient":""},"mobile":{"background-color":"var(--ast-global-color-5)","background-image":"","background-repeat":"repeat","background-position":"center center","background-size":"auto","background-attachment":"scroll","background-type":"","background-media":"","overlay-type":"","overlay-color":"","overlay-opacity":"","overlay-gradient":""}},"footnotes":""},"class_list":["post-102","page","type-page","status-publish","hentry"],"featured_image_src":null,"featured_image_src_square":null,"uagb_featured_image_src":{"full":false,"thumbnail":false,"medium":false,"medium_large":false,"large":false,"1536x1536":false,"2048x2048":false,"gb-block-post-grid-landscape":false,"gb-block-post-grid-square":false},"uagb_author_info":{"display_name":"admin","author_link":"https:\/\/viljamihalovsky.com\/index.php\/author\/admin\/"},"uagb_comment_info":0,"uagb_excerpt":null,"_links":{"self":[{"href":"https:\/\/viljamihalovsky.com\/index.php\/wp-json\/wp\/v2\/pages\/102","targetHints":{"allow":["GET"]}}],"collection":[{"href":"https:\/\/viljamihalovsky.com\/index.php\/wp-json\/wp\/v2\/pages"}],"about":[{"href":"https:\/\/viljamihalovsky.com\/index.php\/wp-json\/wp\/v2\/types\/page"}],"author":[{"embeddable":true,"href":"https:\/\/viljamihalovsky.com\/index.php\/wp-json\/wp\/v2\/users\/1"}],"replies":[{"embeddable":true,"href":"https:\/\/viljamihalovsky.com\/index.php\/wp-json\/wp\/v2\/comments?post=102"}],"version-history":[{"count":25,"href":"https:\/\/viljamihalovsky.com\/index.php\/wp-json\/wp\/v2\/pages\/102\/revisions"}],"predecessor-version":[{"id":1001,"href":"https:\/\/viljamihalovsky.com\/index.php\/wp-json\/wp\/v2\/pages\/102\/revisions\/1001"}],"wp:attachment":[{"href":"https:\/\/viljamihalovsky.com\/index.php\/wp-json\/wp\/v2\/media?parent=102"}],"curies":[{"name":"wp","href":"https:\/\/api.w.org\/{rel}","templated":true}]}}