{"id":358,"date":"2021-05-28T12:14:17","date_gmt":"2021-05-28T12:14:17","guid":{"rendered":"https:\/\/viljamihalovsky.com\/?page_id=358"},"modified":"2021-07-09T09:15:41","modified_gmt":"2021-07-09T09:15:41","slug":"a-flower-in-the-garden-of-buried-dreams","status":"publish","type":"page","link":"https:\/\/viljamihalovsky.com\/index.php\/a-flower-in-the-garden-of-buried-dreams\/","title":{"rendered":"A Flower in the Garden of Buried Dreams"},"content":{"rendered":"\n\n\n<div class=\"wp-block-cover has-background-dim\"><img loading=\"lazy\" decoding=\"async\" width=\"2560\" height=\"1804\" class=\"wp-block-cover__image-background wp-image-443\" alt=\"\" src=\"https:\/\/viljamihalovsky.com\/wp-content\/uploads\/2021\/06\/flowers3-scaled.jpg\" style=\"object-position:46% 16%\" data-object-fit=\"cover\" data-object-position=\"46% 16%\" srcset=\"https:\/\/viljamihalovsky.com\/wp-content\/uploads\/2021\/06\/flowers3-scaled.jpg 2560w, https:\/\/viljamihalovsky.com\/wp-content\/uploads\/2021\/06\/flowers3-1536x1082.jpg 1536w, https:\/\/viljamihalovsky.com\/wp-content\/uploads\/2021\/06\/flowers3-2048x1443.jpg 2048w, https:\/\/viljamihalovsky.com\/wp-content\/uploads\/2021\/06\/flowers3-300x211.jpg 300w, https:\/\/viljamihalovsky.com\/wp-content\/uploads\/2021\/06\/flowers3-768x541.jpg 768w, https:\/\/viljamihalovsky.com\/wp-content\/uploads\/2021\/06\/flowers3-1024x722.jpg 1024w\" sizes=\"auto, (max-width: 2560px) 100vw, 2560px\" \/><div class=\"wp-block-cover__inner-container is-layout-flow wp-block-cover-is-layout-flow\">\n<p class=\"has-text-align-center has-large-font-size\">25.7.2019<\/p>\n<\/div><\/div>\n\n\n\n\n\n<p>Haudatut unelmat tuottavat tuskaa, ne eiv\u00e4t toteudu koskaan. Voit listata niit\u00e4 tuhan ja samantien haudata, laudata, heitt\u00e4\u00e4 pois ja yritt\u00e4\u00e4 unohtaa.<\/p>\n\n\n\n<p>Mutta unelmien keskell\u00e4 kasvaa toivo tulevasta, joka kukkii kerran vuodessa, joka on se henki, joka pit\u00e4\u00e4 pintansa.<\/p>\n\n\n\n<p>T\u00e4m\u00e4 on teos haudatuista unelmista, jotka kukkivat kerran vuodessa. Kadotetusta ruumiista ja sen mukana haihtuneesta rakkaudesta.<\/p>\n\n\n\n<div style=\"height:30px\" aria-hidden=\"true\" class=\"wp-block-spacer\"><\/div>\n\n\n\n<hr class=\"wp-block-separator is-style-wide\"\/>\n\n\n\n<div style=\"height:30px\" aria-hidden=\"true\" class=\"wp-block-spacer\"><\/div>\n\n\n\n<div class=\"wp-block-columns is-layout-flex wp-container-core-columns-is-layout-28f84493 wp-block-columns-is-layout-flex\">\n<div class=\"wp-block-column is-layout-flow wp-block-column-is-layout-flow\">\n<figure class=\"wp-block-image size-large\"><img loading=\"lazy\" decoding=\"async\" width=\"1024\" height=\"728\" src=\"https:\/\/viljamihalovsky.com\/wp-content\/uploads\/2021\/06\/flower-feedback1-1024x728.jpg\" alt=\"\" class=\"wp-image-440\" srcset=\"https:\/\/viljamihalovsky.com\/wp-content\/uploads\/2021\/06\/flower-feedback1-1024x728.jpg 1024w, https:\/\/viljamihalovsky.com\/wp-content\/uploads\/2021\/06\/flower-feedback1-1536x1092.jpg 1536w, https:\/\/viljamihalovsky.com\/wp-content\/uploads\/2021\/06\/flower-feedback1-2048x1456.jpg 2048w, https:\/\/viljamihalovsky.com\/wp-content\/uploads\/2021\/06\/flower-feedback1-300x213.jpg 300w, https:\/\/viljamihalovsky.com\/wp-content\/uploads\/2021\/06\/flower-feedback1-768x546.jpg 768w\" sizes=\"auto, (max-width: 1024px) 100vw, 1024px\" \/><\/figure>\n<\/div>\n\n\n\n<div class=\"wp-block-column is-layout-flow wp-block-column-is-layout-flow\">\n<figure class=\"wp-block-image size-large\"><img loading=\"lazy\" decoding=\"async\" width=\"1024\" height=\"732\" src=\"https:\/\/viljamihalovsky.com\/wp-content\/uploads\/2021\/06\/flower-feedback2-1024x732.jpg\" alt=\"\" class=\"wp-image-441\" srcset=\"https:\/\/viljamihalovsky.com\/wp-content\/uploads\/2021\/06\/flower-feedback2-1024x732.jpg 1024w, https:\/\/viljamihalovsky.com\/wp-content\/uploads\/2021\/06\/flower-feedback2-1536x1097.jpg 1536w, https:\/\/viljamihalovsky.com\/wp-content\/uploads\/2021\/06\/flower-feedback2-2048x1463.jpg 2048w, https:\/\/viljamihalovsky.com\/wp-content\/uploads\/2021\/06\/flower-feedback2-300x214.jpg 300w, https:\/\/viljamihalovsky.com\/wp-content\/uploads\/2021\/06\/flower-feedback2-768x549.jpg 768w\" sizes=\"auto, (max-width: 1024px) 100vw, 1024px\" \/><\/figure>\n<\/div>\n<\/div>\n\n\n\n<p class=\"has-text-align-center\"><em>&#8220;For Vilja<br>This 20<\/em> <em>minutes went by fast. I was all the time figure out what this score means. IT kept me busy. Especially I had this card before. First I was a little sad I wished for something new but then I was surprised that it took me somewhere else completely. I was not so much connected to the group. But when I was out of ides I oriented myself. I think the most influence I had on my hand writing. Maybe it is also the heat. It seems that the letters melt.&#8221;<\/em><br>\u2013 Feedback from <a href=\"https:\/\/simonegisela.com\/\" target=\"_blank\" rel=\"noreferrer noopener\">Simone Gisela Weber<\/a> \u2013<br><\/p>\n","protected":false},"excerpt":{"rendered":"<p>Haudatut unelmat tuottavat tuskaa, ne eiv\u00e4t toteudu koskaan. Voit listata niit\u00e4 tuhan ja samantien haudata, laudata, heitt\u00e4\u00e4 pois ja yritt\u00e4\u00e4 unohtaa. Mutta unelmien keskell\u00e4 kasvaa toivo tulevasta, joka kukkii kerran vuodessa, joka on se henki, joka pit\u00e4\u00e4 pintansa. T\u00e4m\u00e4 on teos haudatuista unelmista, jotka kukkivat kerran vuodessa. Kadotetusta ruumiista ja sen mukana haihtuneesta rakkaudesta. &#8220;For [&hellip;]<\/p>\n","protected":false},"author":1,"featured_media":0,"parent":0,"menu_order":0,"comment_status":"closed","ping_status":"closed","template":"","meta":{"_uag_custom_page_level_css":"","site-sidebar-layout":"default","site-content-layout":"default","ast-site-content-layout":"default","site-content-style":"default","site-sidebar-style":"default","ast-global-header-display":"","ast-banner-title-visibility":"","ast-main-header-display":"","ast-hfb-above-header-display":"","ast-hfb-below-header-display":"","ast-hfb-mobile-header-display":"","site-post-title":"","ast-breadcrumbs-content":"","ast-featured-img":"","footer-sml-layout":"","ast-disable-related-posts":"","theme-transparent-header-meta":"default","adv-header-id-meta":"","stick-header-meta":"","header-above-stick-meta":"","header-main-stick-meta":"","header-below-stick-meta":"","astra-migrate-meta-layouts":"default","ast-page-background-enabled":"default","ast-page-background-meta":{"desktop":{"background-color":"","background-image":"","background-repeat":"repeat","background-position":"center center","background-size":"auto","background-attachment":"scroll","background-type":"","background-media":"","overlay-type":"","overlay-color":"","overlay-opacity":"","overlay-gradient":""},"tablet":{"background-color":"","background-image":"","background-repeat":"repeat","background-position":"center center","background-size":"auto","background-attachment":"scroll","background-type":"","background-media":"","overlay-type":"","overlay-color":"","overlay-opacity":"","overlay-gradient":""},"mobile":{"background-color":"","background-image":"","background-repeat":"repeat","background-position":"center center","background-size":"auto","background-attachment":"scroll","background-type":"","background-media":"","overlay-type":"","overlay-color":"","overlay-opacity":"","overlay-gradient":""}},"ast-content-background-meta":{"desktop":{"background-color":"var(--ast-global-color-5)","background-image":"","background-repeat":"repeat","background-position":"center center","background-size":"auto","background-attachment":"scroll","background-type":"","background-media":"","overlay-type":"","overlay-color":"","overlay-opacity":"","overlay-gradient":""},"tablet":{"background-color":"var(--ast-global-color-5)","background-image":"","background-repeat":"repeat","background-position":"center center","background-size":"auto","background-attachment":"scroll","background-type":"","background-media":"","overlay-type":"","overlay-color":"","overlay-opacity":"","overlay-gradient":""},"mobile":{"background-color":"var(--ast-global-color-5)","background-image":"","background-repeat":"repeat","background-position":"center center","background-size":"auto","background-attachment":"scroll","background-type":"","background-media":"","overlay-type":"","overlay-color":"","overlay-opacity":"","overlay-gradient":""}},"footnotes":""},"class_list":["post-358","page","type-page","status-publish","hentry"],"featured_image_src":null,"featured_image_src_square":null,"uagb_featured_image_src":{"full":false,"thumbnail":false,"medium":false,"medium_large":false,"large":false,"1536x1536":false,"2048x2048":false,"gb-block-post-grid-landscape":false,"gb-block-post-grid-square":false},"uagb_author_info":{"display_name":"admin","author_link":"https:\/\/viljamihalovsky.com\/index.php\/author\/admin\/"},"uagb_comment_info":0,"uagb_excerpt":"Haudatut unelmat tuottavat tuskaa, ne eiv\u00e4t toteudu koskaan. Voit listata niit\u00e4 tuhan ja samantien haudata, laudata, heitt\u00e4\u00e4 pois ja yritt\u00e4\u00e4 unohtaa. Mutta unelmien keskell\u00e4 kasvaa toivo tulevasta, joka kukkii kerran vuodessa, joka on se henki, joka pit\u00e4\u00e4 pintansa. T\u00e4m\u00e4 on teos haudatuista unelmista, jotka kukkivat kerran vuodessa. Kadotetusta ruumiista ja sen mukana haihtuneesta rakkaudesta. &#8220;For&hellip;","_links":{"self":[{"href":"https:\/\/viljamihalovsky.com\/index.php\/wp-json\/wp\/v2\/pages\/358","targetHints":{"allow":["GET"]}}],"collection":[{"href":"https:\/\/viljamihalovsky.com\/index.php\/wp-json\/wp\/v2\/pages"}],"about":[{"href":"https:\/\/viljamihalovsky.com\/index.php\/wp-json\/wp\/v2\/types\/page"}],"author":[{"embeddable":true,"href":"https:\/\/viljamihalovsky.com\/index.php\/wp-json\/wp\/v2\/users\/1"}],"replies":[{"embeddable":true,"href":"https:\/\/viljamihalovsky.com\/index.php\/wp-json\/wp\/v2\/comments?post=358"}],"version-history":[{"count":7,"href":"https:\/\/viljamihalovsky.com\/index.php\/wp-json\/wp\/v2\/pages\/358\/revisions"}],"predecessor-version":[{"id":610,"href":"https:\/\/viljamihalovsky.com\/index.php\/wp-json\/wp\/v2\/pages\/358\/revisions\/610"}],"wp:attachment":[{"href":"https:\/\/viljamihalovsky.com\/index.php\/wp-json\/wp\/v2\/media?parent=358"}],"curies":[{"name":"wp","href":"https:\/\/api.w.org\/{rel}","templated":true}]}}