{"id":951,"date":"2025-05-12T08:26:42","date_gmt":"2025-05-12T08:26:42","guid":{"rendered":"https:\/\/viljamihalovsky.com\/?page_id=951"},"modified":"2025-05-12T08:26:43","modified_gmt":"2025-05-12T08:26:43","slug":"nelja-laulua-naisista","status":"publish","type":"page","link":"https:\/\/viljamihalovsky.com\/index.php\/nelja-laulua-naisista\/","title":{"rendered":"Nelj\u00e4 laulua naisista"},"content":{"rendered":"\n<div style=\"height:42px\" aria-hidden=\"true\" class=\"wp-block-spacer\"><\/div>\n\n\n\n<p class=\"has-text-align-center\">Nelj\u00e4 laulua naisista (Four Songs About Women) is the latest duet piece by Vilja Mihalovsky and Ninni Tuovila, inspired by the Finnish national epic Kalevala (1849) and the different stories and fates of the women in it. Aino, Louhi, Lemmink\u00e4inen&#8217;s Mother and Ilmatar all play important roles in the epic, but are easily reduced to wives and mothers when seen through the eyes of men. Now they are brought from supporting roles to the main stage as complete characters of their own stories. Mihalovsky and Tuovila are reflecting their own experiences of being a woman in the 2020&#8217;s and mirroring these thoughts to the narratives of the women of Kalevala.<\/p>\n\n\n\n<div style=\"height:42px\" aria-hidden=\"true\" class=\"wp-block-spacer\"><\/div>\n\n\n\n<div class=\"wp-block-columns is-layout-flex wp-container-core-columns-is-layout-28f84493 wp-block-columns-is-layout-flex\">\n<div class=\"wp-block-column is-layout-flow wp-block-column-is-layout-flow\">\n<figure class=\"wp-block-image size-large\"><img loading=\"lazy\" decoding=\"async\" width=\"1024\" height=\"576\" src=\"https:\/\/viljamihalovsky.com\/wp-content\/uploads\/2025\/04\/Screenshot-107-1024x576.png\" alt=\"\" class=\"wp-image-952\" srcset=\"https:\/\/viljamihalovsky.com\/wp-content\/uploads\/2025\/04\/Screenshot-107-1024x576.png 1024w, https:\/\/viljamihalovsky.com\/wp-content\/uploads\/2025\/04\/Screenshot-107-1536x864.png 1536w, https:\/\/viljamihalovsky.com\/wp-content\/uploads\/2025\/04\/Screenshot-107-300x169.png 300w, https:\/\/viljamihalovsky.com\/wp-content\/uploads\/2025\/04\/Screenshot-107-768x432.png 768w, https:\/\/viljamihalovsky.com\/wp-content\/uploads\/2025\/04\/Screenshot-107.png 1920w\" sizes=\"auto, (max-width: 1024px) 100vw, 1024px\" \/><\/figure>\n<\/div>\n\n\n\n<div class=\"wp-block-column is-layout-flow wp-block-column-is-layout-flow\">\n<figure class=\"wp-block-image size-large\"><img loading=\"lazy\" decoding=\"async\" width=\"1024\" height=\"576\" src=\"https:\/\/viljamihalovsky.com\/wp-content\/uploads\/2025\/04\/Screenshot-102-1024x576.png\" alt=\"\" class=\"wp-image-953\" srcset=\"https:\/\/viljamihalovsky.com\/wp-content\/uploads\/2025\/04\/Screenshot-102-1024x576.png 1024w, https:\/\/viljamihalovsky.com\/wp-content\/uploads\/2025\/04\/Screenshot-102-1536x864.png 1536w, https:\/\/viljamihalovsky.com\/wp-content\/uploads\/2025\/04\/Screenshot-102-300x169.png 300w, https:\/\/viljamihalovsky.com\/wp-content\/uploads\/2025\/04\/Screenshot-102-768x432.png 768w, https:\/\/viljamihalovsky.com\/wp-content\/uploads\/2025\/04\/Screenshot-102.png 1920w\" sizes=\"auto, (max-width: 1024px) 100vw, 1024px\" \/><\/figure>\n<\/div>\n<\/div>\n\n\n\n<div style=\"height:100px\" aria-hidden=\"true\" class=\"wp-block-spacer\"><\/div>\n\n\n\n<pre class=\"wp-block-verse has-text-align-center\">\u201cSamos sielu pellon pielt\u00e4<br>Keho tiet\u00f6nt\u00e4 taivalta<br>Katsehella avaralla<br>Koko maailman tavoitti<br>Utelias unelmoija<br>Kuuntelija tuulten laulun\u201d<\/pre>\n\n\n\n<div style=\"height:100px\" aria-hidden=\"true\" class=\"wp-block-spacer\"><\/div>\n\n\n\n<div class=\"wp-block-columns is-layout-flex wp-container-core-columns-is-layout-28f84493 wp-block-columns-is-layout-flex\">\n<div class=\"wp-block-column is-layout-flow wp-block-column-is-layout-flow\" style=\"flex-basis:25%\"><\/div>\n\n\n\n<div class=\"wp-block-column is-layout-flow wp-block-column-is-layout-flow\" style=\"flex-basis:50%\">\n<figure class=\"wp-block-embed is-type-video is-provider-youtube wp-block-embed-youtube wp-embed-aspect-16-9 wp-has-aspect-ratio\"><div class=\"wp-block-embed__wrapper\">\n<iframe loading=\"lazy\" title=\"Nelj\u00e4 laulua naisista | Trailer\" width=\"500\" height=\"281\" src=\"https:\/\/www.youtube.com\/embed\/uD5YNbiV8iA?feature=oembed\" frameborder=\"0\" allow=\"accelerometer; autoplay; clipboard-write; encrypted-media; gyroscope; picture-in-picture; web-share\" referrerpolicy=\"strict-origin-when-cross-origin\" allowfullscreen><\/iframe>\n<\/div><\/figure>\n<\/div>\n\n\n\n<div class=\"wp-block-column is-layout-flow wp-block-column-is-layout-flow\" style=\"flex-basis:25%\"><\/div>\n<\/div>\n\n\n\n<div style=\"height:84px\" aria-hidden=\"true\" class=\"wp-block-spacer\"><\/div>\n\n\n\n<p><strong>Choreography, performance<\/strong>: Vilja Mihalovsky &amp; Ninni Tuovila<br><strong>Sound design, poem<\/strong>: Onni Tulla<br><strong>Production<\/strong>: Vilja Mihalovsky, Ninni Tuovila<br><strong>Premiere<\/strong>:&nbsp; 1.8.2024, Sampom\u00e4ki, Sammatti<br><strong>Duration<\/strong>: 50min<br><br><em>Funded by Kalevalaseura, Elias L\u00f6nnrotin s\u00e4\u00e4ti\u00f6, Hiidenheimon s\u00e4\u00e4ti\u00f6, Vihdin kunta, Lohjan kaupunki, Karkkilan kaupunki<\/em><br><\/p>\n\n\n\n<p><\/p>\n","protected":false},"excerpt":{"rendered":"<p>Nelj\u00e4 laulua naisista (Four Songs About Women) is the latest duet piece by Vilja Mihalovsky and Ninni Tuovila, inspired by the Finnish national epic Kalevala (1849) and the different stories and fates of the women in it. Aino, Louhi, Lemmink\u00e4inen&#8217;s Mother and Ilmatar all play important roles in the epic, but are easily reduced to [&hellip;]<\/p>\n","protected":false},"author":1,"featured_media":0,"parent":0,"menu_order":0,"comment_status":"closed","ping_status":"closed","template":"","meta":{"_uag_custom_page_level_css":"","site-sidebar-layout":"default","site-content-layout":"","ast-site-content-layout":"default","site-content-style":"default","site-sidebar-style":"default","ast-global-header-display":"","ast-banner-title-visibility":"","ast-main-header-display":"","ast-hfb-above-header-display":"","ast-hfb-below-header-display":"","ast-hfb-mobile-header-display":"","site-post-title":"","ast-breadcrumbs-content":"","ast-featured-img":"","footer-sml-layout":"","ast-disable-related-posts":"","theme-transparent-header-meta":"","adv-header-id-meta":"","stick-header-meta":"","header-above-stick-meta":"","header-main-stick-meta":"","header-below-stick-meta":"","astra-migrate-meta-layouts":"set","ast-page-background-enabled":"default","ast-page-background-meta":{"desktop":{"background-color":"","background-image":"","background-repeat":"repeat","background-position":"center center","background-size":"auto","background-attachment":"scroll","background-type":"","background-media":"","overlay-type":"","overlay-color":"","overlay-opacity":"","overlay-gradient":""},"tablet":{"background-color":"","background-image":"","background-repeat":"repeat","background-position":"center center","background-size":"auto","background-attachment":"scroll","background-type":"","background-media":"","overlay-type":"","overlay-color":"","overlay-opacity":"","overlay-gradient":""},"mobile":{"background-color":"","background-image":"","background-repeat":"repeat","background-position":"center center","background-size":"auto","background-attachment":"scroll","background-type":"","background-media":"","overlay-type":"","overlay-color":"","overlay-opacity":"","overlay-gradient":""}},"ast-content-background-meta":{"desktop":{"background-color":"var(--ast-global-color-5)","background-image":"","background-repeat":"repeat","background-position":"center center","background-size":"auto","background-attachment":"scroll","background-type":"","background-media":"","overlay-type":"","overlay-color":"","overlay-opacity":"","overlay-gradient":""},"tablet":{"background-color":"var(--ast-global-color-5)","background-image":"","background-repeat":"repeat","background-position":"center center","background-size":"auto","background-attachment":"scroll","background-type":"","background-media":"","overlay-type":"","overlay-color":"","overlay-opacity":"","overlay-gradient":""},"mobile":{"background-color":"var(--ast-global-color-5)","background-image":"","background-repeat":"repeat","background-position":"center center","background-size":"auto","background-attachment":"scroll","background-type":"","background-media":"","overlay-type":"","overlay-color":"","overlay-opacity":"","overlay-gradient":""}},"footnotes":""},"class_list":["post-951","page","type-page","status-publish","hentry"],"featured_image_src":null,"featured_image_src_square":null,"uagb_featured_image_src":{"full":false,"thumbnail":false,"medium":false,"medium_large":false,"large":false,"1536x1536":false,"2048x2048":false,"gb-block-post-grid-landscape":false,"gb-block-post-grid-square":false},"uagb_author_info":{"display_name":"admin","author_link":"https:\/\/viljamihalovsky.com\/index.php\/author\/admin\/"},"uagb_comment_info":0,"uagb_excerpt":"Nelj\u00e4 laulua naisista (Four Songs About Women) is the latest duet piece by Vilja Mihalovsky and Ninni Tuovila, inspired by the Finnish national epic Kalevala (1849) and the different stories and fates of the women in it. Aino, Louhi, Lemmink\u00e4inen&#8217;s Mother and Ilmatar all play important roles in the epic, but are easily reduced to&hellip;","_links":{"self":[{"href":"https:\/\/viljamihalovsky.com\/index.php\/wp-json\/wp\/v2\/pages\/951","targetHints":{"allow":["GET"]}}],"collection":[{"href":"https:\/\/viljamihalovsky.com\/index.php\/wp-json\/wp\/v2\/pages"}],"about":[{"href":"https:\/\/viljamihalovsky.com\/index.php\/wp-json\/wp\/v2\/types\/page"}],"author":[{"embeddable":true,"href":"https:\/\/viljamihalovsky.com\/index.php\/wp-json\/wp\/v2\/users\/1"}],"replies":[{"embeddable":true,"href":"https:\/\/viljamihalovsky.com\/index.php\/wp-json\/wp\/v2\/comments?post=951"}],"version-history":[{"count":9,"href":"https:\/\/viljamihalovsky.com\/index.php\/wp-json\/wp\/v2\/pages\/951\/revisions"}],"predecessor-version":[{"id":972,"href":"https:\/\/viljamihalovsky.com\/index.php\/wp-json\/wp\/v2\/pages\/951\/revisions\/972"}],"wp:attachment":[{"href":"https:\/\/viljamihalovsky.com\/index.php\/wp-json\/wp\/v2\/media?parent=951"}],"curies":[{"name":"wp","href":"https:\/\/api.w.org\/{rel}","templated":true}]}}